{"id":21077,"date":"2025-04-17T14:53:11","date_gmt":"2025-04-17T06:53:11","guid":{"rendered":"https:\/\/weihaizhongshi.com\/?page_id=21077"},"modified":"2025-04-18T08:05:30","modified_gmt":"2025-04-18T00:05:30","slug":"school-bus","status":"publish","type":"page","link":"https:\/\/weihaizhongshi.com\/kr\/community\/school-bus\/","title":{"rendered":"School Bus"},"content":{"rendered":"<div class=\"wpb-content-wrapper\"><div  data-delay=\"0\" class=\"vc_row wpb_row vc_row-fluid\"><div class=\"wpb_column vc_column_container vc_col-sm-8\" data-delay=\"0\"><div class=\"vc_column-inner \"><div class=\"wpb_wrapper\"><h2 class=\" \" data-delay='0'>School Bus<\/h2>\r\n\t<div class=\"wpb_text_column wpb_content_element \" >\r\n\t\t<div class=\"wpb_wrapper\">\r\n\t\t\t<div id=\"fsEl_4805\" class=\" fsDiv fsStyleTwoThirds fsStyleColumn fsStyleColumn-1 fsStyleAutoclear\">\n<div id=\"fsEl_4808\" class=\"fsElement fsContent\" data-use-new=\"true\">\n<div class=\"fsElementContent\">\n<p>Students should arrive at the bus stop five (5)\u00a0minutes before the scheduled bus departure time. For the arrival time details, please contact the bus driver or the safety supervisor.<\/p>\n<\/div>\n<\/div>\n<\/div>\n\r\n\t\t<\/div>\r\n\t<\/div>\r\n<\/div><\/div><\/div><div class=\"wpb_column vc_column_container vc_col-sm-4\" data-delay=\"0\"><div class=\"vc_column-inner \"><div class=\"wpb_wrapper\">\r\n\t<div class=\"wpb_text_column wpb_content_element  vc_custom_1744934724980\" >\r\n\t\t<div class=\"wpb_wrapper\">\r\n\t\t\t<h4><strong>Management Office<\/strong><\/h4>\n<p>&#8211; Monday \u2013 Friday (08:00-16:00)<\/p>\n<p>&#8211; Phone: 0631-596-0715<\/p>\n\r\n\t\t<\/div>\r\n\t<\/div>\r\n<\/div><\/div><\/div><\/div><div  data-delay=\"0\" class=\"vc_row wpb_row vc_row-fluid\"><div class=\"wpb_column vc_column_container vc_col-sm-12\" data-delay=\"0\"><div class=\"vc_column-inner \"><div class=\"wpb_wrapper\"><div class='dt-sc-tabs-horizontal-container  ' data-effect='fade' data-delay='0'><ul class='dt-sc-tabs-horizontal'><li><a href=\"javascript:void(0);\">Bus No.1<\/a><\/li><li><a href=\"javascript:void(0);\">Bus No.2<\/a><\/li><\/ul><div class='dt-sc-tabs-horizontal-content'>\r\n\t<div class=\"wpb_text_column wpb_content_element \" >\r\n\t\t<div class=\"wpb_wrapper\">\r\n\t\t\t<h2 class=\"fsElementTitle\">Bus NO.1 Route &amp; Stops<\/h2>\n<p>Driver:158.0631.3478\/Safety personnel : 158.5464.1470<\/p>\n\r\n\t\t<\/div>\r\n\t<\/div>\r\n\r\n\t<div class=\"wpb_text_column wpb_content_element  vc_custom_1744874322432\" >\r\n\t\t<div class=\"wpb_wrapper\">\r\n\t\t\t<table>\n<thead>\n<tr>\n<th>Departure Time<\/th>\n<th>Bus Stop<\/th>\n<\/tr>\n<\/thead>\n<tbody>\n<tr>\n<td style=\"text-align: center;\">06:15<\/td>\n<td>\u5723\u6d77\u540d\u5c45<\/td>\n<\/tr>\n<tr>\n<td style=\"text-align: center;\">06:18<\/td>\n<td>\u5a01\u97e9\u5546\u57ce\u7ad9\u70b9<\/td>\n<\/tr>\n<tr>\n<td style=\"text-align: center;\">06:22<\/td>\n<td>\u5a01\u6d77 \u4e00\u4e2d<\/td>\n<\/tr>\n<tr>\n<td style=\"text-align: center;\">06:45<\/td>\n<td>\u62b1\u6d77\u5927\u53a6\uff08\u534e\u6da6\u6e7e\u4e5d\u91cc\uff09<\/td>\n<\/tr>\n<tr>\n<td style=\"text-align: center;\">06:58<\/td>\n<td>\u6d77\u4e0a\u660e\u73e0-\u897f\u95e8 (haishangmingzhu-ximen)<\/td>\n<\/tr>\n<tr>\n<td style=\"text-align: center;\">07:09<\/td>\n<td>\u4e0a\u6d77\u8def5\u53f7(shanghailu)\u8299\u84c9\u82b1\u56ed(furonghuayuan)<\/p>\n<p>\uff08\ub4f1\ucc28:\ubd80\uc6a9\ud654\uc6d0 \ubcf5\ubb38, \ud558\ucc28:\uc0c1\ud574\ub85c\uc55e \uc815\ub958\uc7a5\uff09<\/td>\n<\/tr>\n<tr>\n<td style=\"text-align: center;\">07:13<\/td>\n<td>\u6625\u5929\u4e1c\u95e8(chuntian)<\/td>\n<\/tr>\n<tr>\n<td style=\"text-align: center;\">07:14<\/td>\n<td>\uc6a9\uc57d\uad6d\uc81cLONGYUEGUOJI<\/p>\n<p>(\u9f99\u8dc3\u56fd\u9645\u5317\u95e8)<\/td>\n<\/tr>\n<tr>\n<td style=\"text-align: center;\">07:15<\/td>\n<td>\u65f6\u4ee3\u6d77\u666f(shidaihaijing)<\/p>\n<p>\u9f99\u6cfd\u56ed(longzeyuan)<\/p>\n<p>\u4e5d\u9f99\u57ce(jiulongcheng\/\uad6c\ub8e1\uc131\uc55e \uc815\ub958\uc7a5\uff09<\/td>\n<\/tr>\n<tr>\n<td style=\"text-align: center;\">07:20<\/td>\n<td>\u534e\u53d1\u4e5d\u9f99\u6e7e 4\u671f \u5317\u95e8<\/p>\n<p>hu\u00e1faji\u01d4l\u00f3ngw\u0101n 4q\u012b beimen<\/td>\n<\/tr>\n<tr>\n<td style=\"text-align: center;\">07:22<\/td>\n<td>\u534e\u53d1\u4e5d\u9f99\u6e7e 4\u671f \u00a0\u4e1c\u95e8<\/p>\n<p>hu\u00e1faji\u01d4l\u00f3ngw\u0101n 4q\u012b dongmen<\/td>\n<\/tr>\n<\/tbody>\n<\/table>\n\r\n\t\t<\/div>\r\n\t<\/div>\r\n<\/div><div class='dt-sc-tabs-horizontal-content'>\r\n\t<div class=\"wpb_text_column wpb_content_element \" >\r\n\t\t<div class=\"wpb_wrapper\">\r\n\t\t\t<h2 class=\"fsElementTitle\">Bus NO.2 Route &amp; Stops<\/h2>\n<p>Driver:136.1631.6997\/ Safety personnel:135.6180.0668<\/p>\n\r\n\t\t<\/div>\r\n\t<\/div>\r\n\r\n\t<div class=\"wpb_text_column wpb_content_element  vc_custom_1744934711035\" >\r\n\t\t<div class=\"wpb_wrapper\">\r\n\t\t\t<table>\n<thead>\n<tr>\n<th>Departure Time<\/th>\n<th>Bus Stop<\/th>\n<\/tr>\n<\/thead>\n<tbody>\n<tr>\n<td style=\"text-align: center;\">06:50<\/td>\n<td>\u7d2b\u85e4\u82b1\u56ed(huaxiacheng)<\/td>\n<\/tr>\n<tr>\n<td style=\"text-align: center;\">07:00<\/td>\n<td>\u767e\u5ea6\u57ce\u8def\u897f\u7ad9\u70b9<\/td>\n<\/tr>\n<tr>\n<td style=\"text-align: center;\">07:03<\/td>\n<td>\u6642\u4ee3\u5bb6\u56ed(shidaijiayuan)\uccad\ub3c4\ub85c\ubcc0<\/td>\n<\/tr>\n<tr>\n<td style=\"text-align: center;\">07:08<\/td>\n<td>\u9633\u5149\u5c0f\u533a \u5317\u95e8<\/td>\n<\/tr>\n<tr>\n<td style=\"text-align: center;\">07:15<\/td>\n<td>\u9f99\u73e0\u82b1\u56ed\u5317\u95e8(longzhuhuayuan)<\/td>\n<\/tr>\n<tr>\n<td style=\"text-align: center;\">07:20<\/td>\n<td>\u534e\u53d1\u4e5d\u9f99\u6e7e 1\u671f \u5317\u95e8(hu\u00e1faji\u01d4l\u00f3ngw\u0101n 1q\u012b beimen)<\/td>\n<\/tr>\n<tr>\n<td style=\"text-align: center;\">07:21<\/td>\n<td>\u534e\u53d1\u4e5d\u9f99\u6e7e 3\u671f \u897f\u95e8(hu\u00e1faji\u01d4l\u00f3ngw\u0101n 3q\u012b ximen)<\/td>\n<\/tr>\n<\/tbody>\n<\/table>\n\r\n\t\t<\/div>\r\n\t<\/div>\r\n<\/div><\/div><\/div><\/div><\/div><\/div>\n<\/div>","protected":false},"excerpt":{"rendered":"School Bus Students should arrive at the bus stop five (5)\u00a0minutes before the scheduled bus departure time. For the arrival time details, please contact the bus driver or the safety [...]","protected":false},"author":1,"featured_media":0,"parent":20985,"menu_order":0,"comment_status":"closed","ping_status":"closed","template":"","meta":{"_tec_requires_first_save":true,"_EventAllDay":false,"_EventTimezone":"","_EventStartDate":"","_EventEndDate":"","_EventStartDateUTC":"","_EventEndDateUTC":"","_EventShowMap":false,"_EventShowMapLink":false,"_EventURL":"","_EventCost":"","_EventCostDescription":"","_EventCurrencySymbol":"","_EventCurrencyCode":"","_EventCurrencyPosition":"","_EventDateTimeSeparator":"","_EventTimeRangeSeparator":"","_EventOrganizerID":[],"_EventVenueID":[],"_OrganizerEmail":"","_OrganizerPhone":"","_OrganizerWebsite":"","_VenueAddress":"","_VenueCity":"","_VenueCountry":"","_VenueProvince":"","_VenueState":"","_VenueZip":"","_VenuePhone":"","_VenueURL":"","_VenueStateProvince":"","_VenueLat":"","_VenueLng":"","_VenueShowMap":false,"_VenueShowMapLink":false,"_tribe_blocks_recurrence_rules":"","_tribe_blocks_recurrence_description":"","_tribe_blocks_recurrence_exclusions":"","footnotes":""},"class_list":["post-21077","page","type-page","status-publish","hentry"],"_links":{"self":[{"href":"https:\/\/weihaizhongshi.com\/kr\/wp-json\/wp\/v2\/pages\/21077","targetHints":{"allow":["GET"]}}],"collection":[{"href":"https:\/\/weihaizhongshi.com\/kr\/wp-json\/wp\/v2\/pages"}],"about":[{"href":"https:\/\/weihaizhongshi.com\/kr\/wp-json\/wp\/v2\/types\/page"}],"author":[{"embeddable":true,"href":"https:\/\/weihaizhongshi.com\/kr\/wp-json\/wp\/v2\/users\/1"}],"replies":[{"embeddable":true,"href":"https:\/\/weihaizhongshi.com\/kr\/wp-json\/wp\/v2\/comments?post=21077"}],"version-history":[{"count":9,"href":"https:\/\/weihaizhongshi.com\/kr\/wp-json\/wp\/v2\/pages\/21077\/revisions"}],"predecessor-version":[{"id":21087,"href":"https:\/\/weihaizhongshi.com\/kr\/wp-json\/wp\/v2\/pages\/21077\/revisions\/21087"}],"up":[{"embeddable":true,"href":"https:\/\/weihaizhongshi.com\/kr\/wp-json\/wp\/v2\/pages\/20985"}],"wp:attachment":[{"href":"https:\/\/weihaizhongshi.com\/kr\/wp-json\/wp\/v2\/media?parent=21077"}],"curies":[{"name":"wp","href":"https:\/\/api.w.org\/{rel}","templated":true}]}}